{"id":16,"date":"2014-03-13T16:09:55","date_gmt":"2014-03-13T16:09:55","guid":{"rendered":"http:\/\/zsrzepin.ibip.info\/?page_id=16"},"modified":"2017-11-06T01:03:17","modified_gmt":"2017-11-06T00:03:17","slug":"polityka-prywatnosci","status":"publish","type":"page","link":"https:\/\/zsrzepin.ibip.info\/?page_id=16","title":{"rendered":"Polityka prywatno\u015bci"},"content":{"rendered":"<p style=\"text-align: justify;\"><strong>1. INFORMACJE OG\u00d3LNE.<\/strong><br \/>\n1. Operatorem Serwisu jest Publiczna Szko\u0142a Podstawowa w Rzepinie, Rzepin Drugi 154, 27-225 Paw\u0142\u00f3w.<br \/>\n2. Serwis realizuje funkcje pozyskiwania informacji o u\u017cytkownikach i ich zachowaniach w nast\u0119puj\u0105cy spos\u00f3b:<br \/>\na. Poprzez dobrowolnie wprowadzone w formularzach informacje<br \/>\nb. Poprzez zapisywanie w urz\u0105dzeniach ko\u0144cowych pliki cookie (tzw. \u201eciasteczka\u201d).<br \/>\nc. Poprzez zapisywanie technicznych log\u00f3w na poziomie serwera www, obs\u0142ugiwanego przez nazwa.pl (operator hostingu prowadzi swoj\u0105 stron\u0119 pod adresem http:\/\/www.nazwa.pl. Operatorem jest NetArt Sp\u00f3\u0142ka Akcyjna S.K.A.).<br \/>\n3. Niniejsza Polityka jest dokumentem informacyjnym.<\/p>\n<p style=\"text-align: justify;\"><strong>2. INFORMACJA O PLIKACH COOKIES.<\/strong><br \/>\n1. Serwis korzysta z plik\u00f3w cookies.<br \/>\n2. Pliki cookies (tzw. \u201eciasteczka\u201d) stanowi\u0105 dane informatyczne, w szczeg\u00f3lno\u015bci pliki tekstowe, kt\u00f3re przechowywane s\u0105 w urz\u0105dzeniu ko\u0144cowym U\u017cytkownika Serwisu i przeznaczone s\u0105 do korzystania ze stron internetowych Serwisu. Pliki tego rodzaju zazwyczaj zawieraj\u0105 nazw\u0119 strony internetowej, z kt\u00f3rej pochodz\u0105, czas przechowywania ich na urz\u0105dzeniu ko\u0144cowym oraz unikalny numer.<br \/>\n3. Podmiotem zamieszczaj\u0105cym na urz\u0105dzeniu ko\u0144cowym U\u017cytkownika Serwisu pliki cookies oraz uzyskuj\u0105cym do nich dost\u0119p jest operator Serwisu lub podmioty z nim wsp\u00f3\u0142pracuj\u0105ce.<br \/>\n4. Pliki cookies wykorzystywane s\u0105 w nast\u0119puj\u0105cych celach:<br \/>\na. tworzenia statystyk, kt\u00f3re pomagaj\u0105 zrozumie\u0107, w jaki spos\u00f3b U\u017cytkownicy Serwisu korzystaj\u0105 ze stron internetowych, co umo\u017cliwia ulepszanie ich struktury i zawarto\u015bci;<br \/>\nb. utrzymanie sesji U\u017cytkownika Serwisu (po zalogowaniu), dzi\u0119ki kt\u00f3rej U\u017cytkownik nie musi na ka\u017cdej podstronie Serwisu ponownie wpisywa\u0107 loginu i has\u0142a;<br \/>\n5. W ramach Serwisu stosowane s\u0105 dwa zasadnicze rodzaje plik\u00f3w cookies: \u201esesyjne\u201d (session cookies) oraz \u201esta\u0142e\u201d (persistent cookies). Cookies \u201esesyjne\u201d s\u0105 plikami tymczasowymi, kt\u00f3re przechowywane s\u0105 w urz\u0105dzeniu ko\u0144cowym U\u017cytkownika do czasu wylogowania, opuszczenia strony internetowej lub wy\u0142\u0105czenia oprogramowania (przegl\u0105darki internetowej). \u201eSta\u0142e\u201d pliki cookies przechowywane s\u0105 w urz\u0105dzeniu ko\u0144cowym U\u017cytkownika przez czas okre\u015blony w parametrach plik\u00f3w cookies lub do czasu ich usuni\u0119cia przez U\u017cytkownika.<br \/>\n6. Oprogramowanie do przegl\u0105dania stron internetowych (przegl\u0105darka internetowa) zazwyczaj domy\u015blnie dopuszcza przechowywanie plik\u00f3w cookies w urz\u0105dzeniu ko\u0144cowym U\u017cytkownika. U\u017cytkownicy Serwisu mog\u0105 dokona\u0107 zmiany ustawie\u0144 w tym zakresie. Przegl\u0105darka internetowa umo\u017cliwia usuni\u0119cie plik\u00f3w cookies. Mo\u017cliwe jest tak\u017ce automatyczne blokowanie plik\u00f3w cookies Szczeg\u00f3\u0142owe informacje na ten temat zawiera pomoc lub dokumentacja przegl\u0105darki internetowej.<br \/>\n7. Ograniczenia stosowania plik\u00f3w cookies mog\u0105 wp\u0142yn\u0105\u0107 na niekt\u00f3re funkcjonalno\u015bci dost\u0119pne na stronach internetowych Serwisu.<\/p>\n<p style=\"text-align: justify;\"><strong>3. LOGI SERWERA.<\/strong><br \/>\n1. Informacje o niekt\u00f3rych zachowaniach u\u017cytkownik\u00f3w podlegaj\u0105 logowaniu w warstwie serwerowej. Dane te s\u0105 wykorzystywane wy\u0142\u0105cznie w celu administrowania serwisem oraz w celu zapewnienia jak najbardziej sprawnej obs\u0142ugi \u015bwiadczonych us\u0142ug hostingowych.<br \/>\n2.\u00a0 Przegl\u0105dane zasoby identyfikowane s\u0105 poprzez adresy URL. Ponadto zapisowi mog\u0105 podlega\u0107:<br \/>\na. czas nadej\u015bcia zapytania,<br \/>\nb. czas wys\u0142ania odpowiedzi,<br \/>\nc. nazw\u0119 stacji klienta \u2013 identyfikacja realizowana przez protok\u00f3\u0142 HTTP,<br \/>\nd. informacje o b\u0142\u0119dach jakie nast\u0105pi\u0142y przy realizacji transakcji HTTP,<br \/>\ne. adres URL strony poprzednio odwiedzanej przez u\u017cytkownika (referer link) \u2013 w przypadku gdy przej\u015bcie do Serwisu nast\u0105pi\u0142o przez odno\u015bnik,<br \/>\nf. informacje o przegl\u0105darce u\u017cytkownika,<br \/>\ng. Informacje o adresie IP.<br \/>\n3. Dane powy\u017csze nie s\u0105 kojarzone z konkretnymi osobami przegl\u0105daj\u0105cymi strony.<br \/>\n4. Dane powy\u017csze s\u0105 wykorzystywane jedynie dla cel\u00f3w administrowania serwerem.<\/p>\n<p style=\"text-align: justify;\"><strong>4. UDOST\u0118PNIENIE I POWIERZENIE PRZETWARZANIA DANYCH.<\/strong><br \/>\n1. Dane podlegaj\u0105 udost\u0119pnieniu podmiotom zewn\u0119trznym wy\u0142\u0105cznie w granicach prawnie dozwolonych.<br \/>\n2. Dane umo\u017cliwiaj\u0105ce identyfikacj\u0119 osoby fizycznej s\u0105 udost\u0119pniane wy\u0142\u0105czenie za zgod\u0105 tej osoby.<br \/>\n3. Operator mo\u017ce mie\u0107 obowi\u0105zek udzielania informacji zebranych przez Serwis upowa\u017cnionym organom na podstawie zgodnych z prawem \u017c\u0105da\u0144 w zakresie wynikaj\u0105cym z \u017c\u0105dania.<\/p>\n<p style=\"text-align: justify;\"><strong>5. ZARZ\u0104DZANIE PLIKAMI COOKIES \u2013 JAK W PRAKTYCE WYRA\u017bA\u0106 I COFA\u0106 ZGOD\u0118?<\/strong><br \/>\n1. Je\u015bli u\u017cytkownik nie chce otrzymywa\u0107 plik\u00f3w cookies, mo\u017ce zmieni\u0107 ustawienia przegl\u0105darki. Zastrzegamy, \u017ce wy\u0142\u0105czenie obs\u0142ugi plik\u00f3w cookies niezb\u0119dnych dla proces\u00f3w uwierzytelniania, bezpiecze\u0144stwa, utrzymania preferencji u\u017cytkownika mo\u017ce utrudni\u0107, a w skrajnych przypadkach mo\u017ce uniemo\u017cliwi\u0107 korzystanie ze stron www<br \/>\n2. W celu zarz\u0105dzania ustawieniami cookies wybierz z listy poni\u017cej przegl\u0105dark\u0119 internetow\u0105\/ system i post\u0119puj zgodnie z instrukcjami:<br \/>\na. <a href=\"http:\/\/support.microsoft.com\/kb\/196955\" target=\"_blank\" rel=\"noopener\">Internet Explorer<\/a><br \/>\nb. <a href=\"http:\/\/support.google.com\/chrome\/bin\/answer.py?hl=pl&amp;answer=95647\" target=\"_blank\" rel=\"noopener\">Chrome<\/a><br \/>\nc. <a href=\"http:\/\/support.apple.com\/kb\/PH5042\" target=\"_blank\" rel=\"noopener\">Safari<\/a><br \/>\nd. <a href=\"http:\/\/support.mozilla.org\/pl\/kb\/W%C5%82%C4%85czanie%20i%20wy%C5%82%C4%85czanie%20obs%C5%82ugi%20ciasteczek\" target=\"_blank\" rel=\"noopener\">Firefox<\/a><br \/>\ne. <a href=\"http:\/\/help.opera.com\/Windows\/12.10\/pl\/cookies.html\" target=\"_blank\" rel=\"noopener\">Opera<\/a><br \/>\nf. <a href=\"http:\/\/support.google.com\/chrome\/bin\/answer.py?hl=pl&amp;answer=95647\" target=\"_blank\" rel=\"noopener\">Android<\/a><br \/>\ng. <a href=\"http:\/\/support.apple.com\/kb\/HT1677?viewlocale=pl_PL\" target=\"_blank\" rel=\"noopener\">Safari (iOS)<\/a><br \/>\nh. <a href=\"http:\/\/www.windowsphone.com\/pl-pl\/how-to\/wp7\/web\/changing-privacy-and-other-browser-settings\" target=\"_blank\" rel=\"noopener\">Windows Phone<\/a><br \/>\ni. <a href=\"http:\/\/docs.blackberry.com\/en\/smartphone_users\/deliverables\/32004\/Turn_off_cookies_in_the_browser_60_1072866_11.jsp\" target=\"_blank\" rel=\"noopener\">Blackberry<\/a><\/p>\n","protected":false},"excerpt":{"rendered":"<p>1. INFORMACJE OG\u00d3LNE. 1. Operatorem Serwisu jest Publiczna Szko\u0142a Podstawowa w Rzepinie, Rzepin Drugi 154, 27-225 Paw\u0142\u00f3w. 2. Serwis realizuje funkcje pozyskiwania informacji o u\u017cytkownikach i ich zachowaniach w nast\u0119puj\u0105cy spos\u00f3b: a. Poprzez dobrowolnie&#46;&#46;&#46;<\/p>\n","protected":false},"author":2,"featured_media":0,"parent":0,"menu_order":0,"comment_status":"closed","ping_status":"open","template":"","meta":{"_expiration-date-status":"saved","_expiration-date":0,"_expiration-date-type":"","_expiration-date-categories":[],"_expiration-date-options":[]},"_links":{"self":[{"href":"https:\/\/zsrzepin.ibip.info\/index.php?rest_route=\/wp\/v2\/pages\/16"}],"collection":[{"href":"https:\/\/zsrzepin.ibip.info\/index.php?rest_route=\/wp\/v2\/pages"}],"about":[{"href":"https:\/\/zsrzepin.ibip.info\/index.php?rest_route=\/wp\/v2\/types\/page"}],"author":[{"embeddable":true,"href":"https:\/\/zsrzepin.ibip.info\/index.php?rest_route=\/wp\/v2\/users\/2"}],"replies":[{"embeddable":true,"href":"https:\/\/zsrzepin.ibip.info\/index.php?rest_route=%2Fwp%2Fv2%2Fcomments&post=16"}],"version-history":[{"count":1,"href":"https:\/\/zsrzepin.ibip.info\/index.php?rest_route=\/wp\/v2\/pages\/16\/revisions"}],"predecessor-version":[{"id":299,"href":"https:\/\/zsrzepin.ibip.info\/index.php?rest_route=\/wp\/v2\/pages\/16\/revisions\/299"}],"wp:attachment":[{"href":"https:\/\/zsrzepin.ibip.info\/index.php?rest_route=%2Fwp%2Fv2%2Fmedia&parent=16"}],"curies":[{"name":"wp","href":"https:\/\/api.w.org\/{rel}","templated":true}]}}